{"id":136,"date":"2016-03-07T08:16:30","date_gmt":"2016-03-07T07:16:30","guid":{"rendered":"http:\/\/hotel-au-printemps.be.178-208-48-194.yoolspreview.be\/home\/"},"modified":"2020-02-18T15:48:50","modified_gmt":"2020-02-18T14:48:50","slug":"home","status":"publish","type":"page","link":"http:\/\/www.hotelauprintemps.be\/de\/","title":{"rendered":"WILLKOMMEN"},"content":{"rendered":"<p><\/p>\n<div class=\"yls-content-layout layout-item-0\">\n<div class=\"yls-content-layout-row\">\n<div class=\"yls-layout-cell layout-item-1\" style=\"width: 100%;\">\n<div class=\"banner_text\">\n<h6 style=\"text-align: center;\">wilde Sch\u00f6nheit &amp; Activit\u00e4ten<\/h6>\n<h1 style=\"text-align: center;\">Entdeckungen<\/h1>\n<h1 style=\"text-align: center;\">in unseren Breitengraden<\/h1>\n<p style=\"text-align: center;\"><img loading=\"lazy\" decoding=\"async\" class=\"\" style=\"margin: 0px;\" src=\"http:\/\/www.hotelauprintemps.be\/wp-content\/uploads\/design.png\" alt=\"\" width=\"87\" height=\"16\" \/><\/p>\n<\/div>\n<\/div>\n<\/div>\n<\/div>\n<div class=\"yls-content-layout-wrapper layout-item-2\">\n<div class=\"yls-content-layout layout-item-0\">\n<div class=\"yls-content-layout-row\">\n<div class=\"yls-layout-cell layout-item-3\" style=\"width: 50%;\">\n<h5 style=\"text-align: center;\"><img loading=\"lazy\" decoding=\"async\" class=\"\" style=\"margin: 0px;\" src=\"http:\/\/www.hotelauprintemps.be\/wp-content\/uploads\/desing2.png\" alt=\"\" width=\"87\" height=\"16\" \/><\/h5>\n<h2 style=\"text-align: center;\">HOTEL AU PRINTEMPS<\/h2>\n<h5 style=\"text-align: center;\"><span style=\"font-weight: normal; font-size: 13px;\"><span id=\"result_box\" class=\"\" lang=\"de\"><span class=\"\">authentischer Ort<\/span> in der Mitte einer atypischen Region<\/span><\/span><\/h5>\n<\/div>\n<div class=\"yls-layout-cell layout-item-4\" style=\"width: 25%; padding-right: 25px;\">\n<h5>BELEBEN SIE IHRE SINNE<\/h5>\n<p><span id=\"result_box\" class=\"\" lang=\"de\"><span class=\"\">Das Hohe Venn<\/span> ist zweifellos einer der originellsten Landschaften der Ardennen und <span class=\"\">der Eifel.<\/span> <span class=\"\">Ravel,<\/span> Spa, Seen oder wundersch\u00f6ne Wanderungen, das Hotel &#8222;Au Printemps&#8220; erm\u00f6glicht\u00a0 Ihnen, <span class=\"\">die Region und ihre<\/span> Reize zu entdecken.<\/span><\/p>\n<\/div>\n<div class=\"yls-layout-cell layout-item-4\" style=\"width: 25%; padding-right: 25px;\">\n<h5>FANTASIE HERVORRUFEN<\/h5>\n<p><span id=\"result_box\" class=\"\" lang=\"de\">Durch die wilde Landschaft des Hohen Venns, wecken Sie Ihre Fantasie. <span class=\"\">Die Landschaft<\/span> ist noch sch\u00f6ner, wenn es die sch\u00f6nen Herbstfarben schm\u00fcckt. Ein <span class=\"\">perfekter Ort, um<\/span> die Natur genie\u00dfen.<\/span><\/p>\n<\/div>\n<\/div>\n<\/div>\n<\/div>\n<div class=\"yls-content-layout-wrapper layout-item-2\">\n<div class=\"yls-content-layout layout-item-0\">\n<div class=\"yls-content-layout-row\">\n<div class=\"yls-layout-cell layout-item-5\" style=\"width: 50%;\">\n<div class=\"home_slide\">\n<div class=\"slideshow_container slideshow_container_style-light\" style=\"height: 349px; \" data-slideshow-id=\"152\" data-style-name=\"style-light\" data-style-version=\"2.3.1\" >\n<div class=\"slideshow_loading_icon\"><\/div>\n<div class=\"slideshow_content\" style=\"display: none;\">\n<div class=\"slideshow_view\">\n<div class=\"slideshow_slide slideshow_slide_image\">\n\t\t\t\t\t\t\t\t\t\t\t<img loading=\"lazy\" decoding=\"async\" src=\"http:\/\/www.hotelauprintemps.be\/wp-content\/uploads\/home_slide1.jpg\" alt=\"home_slide1\" width=\"564\" height=\"349\" \/><\/p>\n<div class=\"slideshow_description_box slideshow_transparent\">\n<div class=\"slideshow_title\">home_slide1<\/div>\n<\/p><\/div>\n<\/p><\/div>\n<div style=\"clear: both;\"><\/div>\n<\/div><\/div>\n<div class=\"slideshow_controlPanel slideshow_transparent\" style=\"display: none;\">\n<ul>\n<li class=\"slideshow_togglePlay\" data-play-text=\"Abspielen\" data-pause-text=\"Pause\"><\/li>\n<\/ul>\n<\/div>\n<div class=\"slideshow_button slideshow_previous slideshow_transparent\" role=\"button\" data-previous-text=\"Zur\u00fcck\" style=\"display: none;\"><\/div>\n<div class=\"slideshow_button slideshow_next slideshow_transparent\" role=\"button\" data-next-text=\"N\u00e4chstes\" style=\"display: none;\"><\/div>\n<div class=\"slideshow_pagination\" style=\"display: none;\" data-go-to-text=\"Gehe zum Bild\">\n<div class=\"slideshow_pagination_center\"><\/div>\n<\/div>\n<p>\t\t<!-- WordPress Slideshow Version 2.3.1 --><\/p><\/div>\n<\/div>\n<h5 style=\"text-align: center;\"><img loading=\"lazy\" decoding=\"async\" class=\"\" style=\"margin: 0px;\" src=\"http:\/\/www.hotelauprintemps.be\/wp-content\/uploads\/desing2.png\" alt=\"\" width=\"87\" height=\"16\" \/><\/h5>\n<h2 style=\"text-align: center;\">HOTEL\/RESTAURANT<\/h2>\n<h5 style=\"text-align: center;\"><span style=\"font-weight: normal; font-size: 13px;\">KOMFORT UND GASTRONOMIE<\/span><\/h5>\n<\/div>\n<div class=\"yls-layout-cell layout-item-6\" style=\"width: 50%;\">\n<div class=\"home_slide\">\n<div class=\"slideshow_container slideshow_container_style-light\" style=\"height: 349px; \" data-slideshow-id=\"156\" data-style-name=\"style-light\" data-style-version=\"2.3.1\" >\n<div class=\"slideshow_loading_icon\"><\/div>\n<div class=\"slideshow_content\" style=\"display: none;\">\n<div class=\"slideshow_view\">\n<div class=\"slideshow_slide slideshow_slide_image\">\n\t\t\t\t\t\t\t\t\t\t\t<img loading=\"lazy\" decoding=\"async\" src=\"http:\/\/www.hotelauprintemps.be\/wp-content\/uploads\/Venn.jpg\" alt=\"Venn\" width=\"800\" height=\"599\" \/><\/p>\n<div class=\"slideshow_description_box slideshow_transparent\">\n<div class=\"slideshow_title\">Venn<\/div>\n<\/p><\/div>\n<\/p><\/div>\n<div style=\"clear: both;\"><\/div>\n<\/div>\n<div class=\"slideshow_view\">\n<div class=\"slideshow_slide slideshow_slide_image\">\n\t\t\t\t\t\t\t\t\t\t\t<img loading=\"lazy\" decoding=\"async\" src=\"http:\/\/www.hotelauprintemps.be\/wp-content\/uploads\/Ravel.jpg\" alt=\"Ravel\" width=\"540\" height=\"304\" \/><\/p>\n<div class=\"slideshow_description_box slideshow_transparent\">\n<div class=\"slideshow_title\">Ravel<\/div>\n<\/p><\/div>\n<\/p><\/div>\n<div style=\"clear: both;\"><\/div>\n<\/div>\n<div class=\"slideshow_view\">\n<div class=\"slideshow_slide slideshow_slide_image\">\n\t\t\t\t\t\t\t\t\t\t\t<img loading=\"lazy\" decoding=\"async\" src=\"http:\/\/www.hotelauprintemps.be\/wp-content\/uploads\/See.jpg\" alt=\"See\" width=\"547\" height=\"364\" \/><\/p>\n<div class=\"slideshow_description_box slideshow_transparent\">\n<div class=\"slideshow_title\">See<\/div>\n<\/p><\/div>\n<\/p><\/div>\n<div style=\"clear: both;\"><\/div>\n<\/div><\/div>\n<div class=\"slideshow_controlPanel slideshow_transparent\" style=\"display: none;\">\n<ul>\n<li class=\"slideshow_togglePlay\" data-play-text=\"Abspielen\" data-pause-text=\"Pause\"><\/li>\n<\/ul>\n<\/div>\n<div class=\"slideshow_button slideshow_previous slideshow_transparent\" role=\"button\" data-previous-text=\"Zur\u00fcck\" style=\"display: none;\"><\/div>\n<div class=\"slideshow_button slideshow_next slideshow_transparent\" role=\"button\" data-next-text=\"N\u00e4chstes\" style=\"display: none;\"><\/div>\n<div class=\"slideshow_pagination\" style=\"display: none;\" data-go-to-text=\"Gehe zum Bild\">\n<div class=\"slideshow_pagination_center\"><\/div>\n<\/div>\n<p>\t\t<!-- WordPress Slideshow Version 2.3.1 --><\/p><\/div>\n<\/div>\n<h5 style=\"text-align: center;\"><img loading=\"lazy\" decoding=\"async\" class=\"\" style=\"margin: 0px;\" src=\"http:\/\/www.hotelauprintemps.be\/wp-content\/uploads\/desing2.png\" alt=\"\" width=\"87\" height=\"16\" \/><\/h5>\n<h2 style=\"text-align: center;\">ACTIVIT\u00c4TEN<\/h2>\n<h5 style=\"text-align: center;\"><span style=\"font-weight: normal; font-size: 13px;\">Ravel, Seen, Hohes Venn<br \/>\n<\/span><\/h5>\n<\/div>\n<\/div>\n<\/div>\n<\/div>\n<p>&nbsp;<\/p>\n<div class=\"yls-content-layout-wrapper layout-item-2\"><\/div>\n<div class=\"yls-content-layout-wrapper layout-item-7\">\n<div class=\"yls-content-layout layout-item-0\">\n<div class=\"yls-content-layout-row\">\n<div class=\"yls-layout-cell layout-item-8\" style=\"width: 50%;\">\n<div class=\"contact_section\">\n<div class=\"inside_contact\">\n<h5 style=\"text-align: center;\"><img loading=\"lazy\" decoding=\"async\" class=\"\" style=\"margin: 0px;\" src=\"http:\/\/www.hotelauprintemps.be\/wp-content\/uploads\/design-3.png\" alt=\"\" width=\"87\" height=\"16\" \/><\/h5>\n<h2 style=\"text-align: center;\"><span style=\"color: #ffffff;\">HOTEL\/RESTAURANT<\/span><\/h2>\n<h5 style=\"text-align: center;\"><span style=\"font-weight: normal; font-size: 13px; color: #ffffff;\">KOMFORT UND GASTRONOMIE<\/span><\/h5>\n<p style=\"text-align: center; line-height: 30px;\"><span style=\"color: #ffffff;\">+32 80 44 61 49<br \/>\n<\/span><br \/>\n<span style=\"color: #ffffff;\">hotel-au-printemps@proximus.be<br \/>\n<\/span><br \/>\n<span style=\"color: #ffffff;\">Dellenstrasse 12<br \/>\n<\/span><br \/>\n<span style=\"color: #ffffff;\">B-Nidrum, 4750<\/span><span style=\"font-weight: normal; font-size: 13px; color: #ffffff;\"><br \/>\n<\/span><\/p>\n<p style=\"text-align: center;\">\u00a0<a class=\"yls-button modified_b\" href=\"\/contact\">kontaktieren Sie uns<\/a>\u00a0<span style=\"color: #ffffff;\"><br \/>\n<\/span><\/p>\n<\/div>\n<\/div>\n<\/div>\n<div class=\"yls-layout-cell layout-item-1\" style=\"width: 50%;\">\n<p><iframe loading=\"lazy\" style=\"border: 0;\" src=\"https:\/\/www.google.com\/maps\/embed?pb=!1m18!1m12!1m3!1d2540.744112330784!2d6.192343615271571!3d50.44586679557689!2m3!1f0!2f0!3f0!3m2!1i1024!2i768!4f13.1!3m3!1m2!1s0x47bf80db131ea03b%3A0xb669e2b23cf33031!2sDellenstra%C3%9Fe+12%2C+4750+B%C3%BCtgenbach%2C+Belgium!5e0!3m2!1sen!2sin!4v1457329820338\" width=\"100%\" height=\"394\" frameborder=\"0\" allowfullscreen=\"allowfullscreen\"><\/iframe><\/p>\n<\/div>\n<\/div>\n<\/div>\n<\/div>\n<p><\/p>","protected":false},"excerpt":{"rendered":"<p>wilde Sch\u00f6nheit &amp; Activit\u00e4ten Entdeckungen in unseren Breitengraden HOTEL AU PRINTEMPS authentischer Ort in der Mitte einer atypischen Region BELEBEN SIE IHRE SINNE Das Hohe Venn ist zweifellos einer der originellsten Landschaften der Ardennen und der Eifel. Ravel, Spa, Seen oder wundersch\u00f6ne Wanderungen, das Hotel &#8222;Au Printemps&#8220; erm\u00f6glicht\u00a0 Ihnen, die Region und ihre Reize zu [&hellip;]<\/p>\n","protected":false},"author":4,"featured_media":0,"parent":0,"menu_order":1,"comment_status":"closed","ping_status":"closed","template":"","meta":{"ngg_post_thumbnail":0,"footnotes":""},"class_list":["post-136","page","type-page","status-publish","hentry"],"_links":{"self":[{"href":"http:\/\/www.hotelauprintemps.be\/de\/wp-json\/wp\/v2\/pages\/136"}],"collection":[{"href":"http:\/\/www.hotelauprintemps.be\/de\/wp-json\/wp\/v2\/pages"}],"about":[{"href":"http:\/\/www.hotelauprintemps.be\/de\/wp-json\/wp\/v2\/types\/page"}],"author":[{"embeddable":true,"href":"http:\/\/www.hotelauprintemps.be\/de\/wp-json\/wp\/v2\/users\/4"}],"replies":[{"embeddable":true,"href":"http:\/\/www.hotelauprintemps.be\/de\/wp-json\/wp\/v2\/comments?post=136"}],"version-history":[{"count":48,"href":"http:\/\/www.hotelauprintemps.be\/de\/wp-json\/wp\/v2\/pages\/136\/revisions"}],"predecessor-version":[{"id":613,"href":"http:\/\/www.hotelauprintemps.be\/de\/wp-json\/wp\/v2\/pages\/136\/revisions\/613"}],"wp:attachment":[{"href":"http:\/\/www.hotelauprintemps.be\/de\/wp-json\/wp\/v2\/media?parent=136"}],"curies":[{"name":"wp","href":"https:\/\/api.w.org\/{rel}","templated":true}]}}