{"id":137,"date":"2016-03-07T08:16:31","date_gmt":"2016-03-07T07:16:31","guid":{"rendered":"http:\/\/hotel-au-printemps.be.178-208-48-194.yoolspreview.be\/hotelrestaurant\/"},"modified":"2018-02-03T15:14:01","modified_gmt":"2018-02-03T14:14:01","slug":"hotel-restaurant-nidrum-hautes-fagnes","status":"publish","type":"page","link":"http:\/\/www.hotelauprintemps.be\/de\/hotel-restaurant-nidrum-hautes-fagnes\/","title":{"rendered":"HOTEL\/RESTAURANT"},"content":{"rendered":"<p><\/p>\n<div class=\"yls-content-layout-wrapper layout-item-0\">\n<div class=\"yls-content-layout layout-item-1\">\n<div class=\"yls-content-layout-row\">\n<div class=\"yls-layout-cell layout-item-2\" style=\"width: 100%;\">\n<h5 style=\"text-align: center;\"><img loading=\"lazy\" decoding=\"async\" class=\"\" style=\"margin: 0px;\" src=\"http:\/\/www.hotelauprintemps.be\/wp-content\/uploads\/desing2-2.png\" alt=\"\" width=\"87\" height=\"16\"><\/h5>\n<h2 style=\"text-align: center;\">HOTEL\/RESTAURANT<\/h2>\n<h5 style=\"text-align: center;\"><span style=\"font-weight: normal; font-size: 13px;\">FANTASIE HERVORRUFEN<br \/>\n<\/span><\/h5>\n<p><span style=\"font-weight: normal; font-size: 13px;\"><\/p>\n<div class=\"slideshow_container slideshow_container_style-light\" style=\"height: 550px; \" data-slideshow-id=\"161\" data-style-name=\"style-light\" data-style-version=\"2.3.1\" >\n<div class=\"slideshow_loading_icon\"><\/div>\n<div class=\"slideshow_content\" style=\"display: none;\">\n<div class=\"slideshow_view\">\n<div class=\"slideshow_slide slideshow_slide_image\">\n\t\t\t\t\t\t\t\t\t\t\t<img loading=\"lazy\" decoding=\"async\" src=\"http:\/\/www.hotelauprintemps.be\/wp-content\/uploads\/Geb\u00e4ude-klein.jpg\" alt=\"gebaude-klein\" width=\"1107\" height=\"761\" \/><\/p>\n<div class=\"slideshow_description_box slideshow_transparent\">\n<div class=\"slideshow_title\">gebaude-klein<\/div>\n<\/p><\/div>\n<\/p><\/div>\n<div style=\"clear: both;\"><\/div>\n<\/div>\n<div class=\"slideshow_view\">\n<div class=\"slideshow_slide slideshow_slide_image\">\n\t\t\t\t\t\t\t\t\t\t\t<img loading=\"lazy\" decoding=\"async\" src=\"http:\/\/www.hotelauprintemps.be\/wp-content\/uploads\/Terasse.jpg\" alt=\"terasse\" width=\"1024\" height=\"678\" \/><\/p>\n<div class=\"slideshow_description_box slideshow_transparent\">\n<div class=\"slideshow_title\">terasse<\/div>\n<\/p><\/div>\n<\/p><\/div>\n<div style=\"clear: both;\"><\/div>\n<\/div>\n<div class=\"slideshow_view\">\n<div class=\"slideshow_slide slideshow_slide_image\">\n\t\t\t\t\t\t\t\t\t\t\t<img loading=\"lazy\" decoding=\"async\" src=\"http:\/\/www.hotelauprintemps.be\/wp-content\/uploads\/Gruppe.jpg\" alt=\"Gruppe\" width=\"1120\" height=\"840\" \/><\/p>\n<div class=\"slideshow_description_box slideshow_transparent\">\n<div class=\"slideshow_title\">Gruppe<\/div>\n<\/p><\/div>\n<\/p><\/div>\n<div style=\"clear: both;\"><\/div>\n<\/div><\/div>\n<div class=\"slideshow_controlPanel slideshow_transparent\" style=\"display: none;\">\n<ul>\n<li class=\"slideshow_togglePlay\" data-play-text=\"Abspielen\" data-pause-text=\"Pause\"><\/li>\n<\/ul>\n<\/div>\n<div class=\"slideshow_button slideshow_previous slideshow_transparent\" role=\"button\" data-previous-text=\"Zur\u00fcck\" style=\"display: none;\"><\/div>\n<div class=\"slideshow_button slideshow_next slideshow_transparent\" role=\"button\" data-next-text=\"N\u00e4chstes\" style=\"display: none;\"><\/div>\n<div class=\"slideshow_pagination\" style=\"display: none;\" data-go-to-text=\"Gehe zum Bild\">\n<div class=\"slideshow_pagination_center\"><\/div>\n<\/div>\n<p>\t\t<!-- WordPress Slideshow Version 2.3.1 --><\/p><\/div>\n<p><\/span><\/p>\n<p><span style=\"font-weight: normal; font-size: 13px;\">&nbsp;<\/span><\/p>\n<p><span style=\"font-weight: bold;\"><span id=\"result_box\" class=\"\" tabindex=\"-1\" lang=\"de\"><span class=\"\">Herzlich Willkommen im Hotel<\/span> &#8222;Au Printemps&#8220;<\/span> gelegen im Herzen des Hohen Venns<br \/>\n<\/span> <span style=\"font-weight: normal; font-size: 13px;\"><br \/>\n<\/span><\/p>\n<p><span id=\"result_box\" class=\"\" tabindex=\"-1\" lang=\"de\"><span class=\"\">Das Hotel verf\u00fcgt \u00fcber<\/span> 12 komfortable Zimmer, ein Gourmetrestaurant und <span class=\"\">eine Brasserie.<\/span><\/span>&nbsp;<span id=\"result_box\" class=\"\" tabindex=\"-1\" lang=\"de\"><span class=\"\">Das Dorf<\/span> Nidrum, wo sich das Hotel befindet, bietet viele Aktivit\u00e4ten wie Tennis, Schwimmen, Surfen, Minigolf oder&nbsp; unter den Sch\u00f6nheiten der Natur Wanderungen.<\/span> <span id=\"result_box\" class=\"\" lang=\"de\"><span class=\"\">Im Winter wird Ihnen<\/span> <span class=\"\">Langlauf <\/span>mit <span class=\"\">ihrer Attraktivit\u00e4t<\/span> <span class=\"\">verf\u00fchren.<\/span> <span class=\"\">Das Hotel<\/span> <span class=\"\">&#8222;<\/span><span class=\"\">Au<\/span> Printemps&#8220; in Nidrum, ist der ideale Ort f\u00fcr Ihren Urlaub.<\/span><span style=\"font-weight: bold;\"><br \/>\n<\/span><\/p>\n<p><span style=\"font-size: 13px;\"><\/p>\n<div class=\"slideshow_container slideshow_container_style-light\" style=\"height: 500px; \" data-slideshow-id=\"165\" data-style-name=\"style-light\" data-style-version=\"2.3.1\" >\n<div class=\"slideshow_loading_icon\"><\/div>\n<div class=\"slideshow_content\" style=\"display: none;\">\n<div class=\"slideshow_view\">\n<div class=\"slideshow_slide slideshow_slide_image\">\n\t\t\t\t\t\t\t\t\t\t\t<img loading=\"lazy\" decoding=\"async\" src=\"http:\/\/www.hotelauprintemps.be\/wp-content\/uploads\/re_slide3.jpg\" alt=\"re_slide3\" width=\"960\" height=\"393\" \/><\/p>\n<div class=\"slideshow_description_box slideshow_transparent\">\n<div class=\"slideshow_title\">re_slide3<\/div>\n<\/p><\/div>\n<\/p><\/div>\n<div style=\"clear: both;\"><\/div>\n<\/div>\n<div class=\"slideshow_view\">\n<div class=\"slideshow_slide slideshow_slide_image\">\n\t\t\t\t\t\t\t\t\t\t\t<img loading=\"lazy\" decoding=\"async\" src=\"http:\/\/www.hotelauprintemps.be\/wp-content\/uploads\/Fr\u00fchst\u00fcck.jpg\" alt=\"fruhstuck\" width=\"1232\" height=\"816\" \/><\/p>\n<div class=\"slideshow_description_box slideshow_transparent\">\n<div class=\"slideshow_title\">fruhstuck<\/div>\n<\/p><\/div>\n<\/p><\/div>\n<div style=\"clear: both;\"><\/div>\n<\/div><\/div>\n<div class=\"slideshow_controlPanel slideshow_transparent\" style=\"display: none;\">\n<ul>\n<li class=\"slideshow_togglePlay\" data-play-text=\"Abspielen\" data-pause-text=\"Pause\"><\/li>\n<\/ul>\n<\/div>\n<div class=\"slideshow_button slideshow_previous slideshow_transparent\" role=\"button\" data-previous-text=\"Zur\u00fcck\" style=\"display: none;\"><\/div>\n<div class=\"slideshow_button slideshow_next slideshow_transparent\" role=\"button\" data-next-text=\"N\u00e4chstes\" style=\"display: none;\"><\/div>\n<div class=\"slideshow_pagination\" style=\"display: none;\" data-go-to-text=\"Gehe zum Bild\">\n<div class=\"slideshow_pagination_center\"><\/div>\n<\/div>\n<p>\t\t<!-- WordPress Slideshow Version 2.3.1 --><\/p><\/div>\n<p><\/span><\/p>\n<p><span style=\"font-size: 13px;\">&nbsp;<\/span><\/p>\n<p><span style=\"font-weight: bold;\">Unser Restaurant f\u00fcr ihr Vergn\u00fcgen<\/span><span style=\"font-size: 13px;\"><br \/>\n<\/span><\/p>\n<p><span id=\"result_box\" class=\"\" lang=\"de\"><span class=\"\">Aus kulinarischer<\/span> Sicht sind die Gastgeber<\/span> wie es sein soll. Treu zur Tradition &#8222;Chef in der K\u00fcche&#8220;, <span id=\"result_box\" class=\"\" lang=\"de\"><span class=\"\"> der<\/span> <span class=\"\">Chef des Hauses<\/span> \u00fcberwacht pers\u00f6nlich seine renommierten Tisch.<\/span> <span id=\"result_box\" class=\"\" lang=\"de\"><span class=\"\">Deshalb ist das<\/span> <span class=\"\">Hotel<\/span>&#8211;<span class=\"\">Restaurant &#8222;<\/span>Au Printemps&#8220; eine beliebte <span class=\"\">Spezialit\u00e4t an den Gourmet-Wochenenden<\/span>.<\/span> <span id=\"result_box\" class=\"\" lang=\"de\"><span class=\"\">Entdecken Sie<\/span> &#8222;Unsere Karte&#8220;.<\/span><\/p>\n<p><span style=\"font-weight: bold;\"><\/p>\n<div class=\"slideshow_container slideshow_container_style-light\" style=\"height: 600px; \" data-slideshow-id=\"169\" data-style-name=\"style-light\" data-style-version=\"2.3.1\" >\n<div class=\"slideshow_loading_icon\"><\/div>\n<div class=\"slideshow_content\" style=\"display: none;\">\n<div class=\"slideshow_view\">\n<div class=\"slideshow_slide slideshow_slide_image\">\n\t\t\t\t\t\t\t\t\t\t\t<img loading=\"lazy\" decoding=\"async\" src=\"http:\/\/www.hotelauprintemps.be\/wp-content\/uploads\/Cafe-1.jpg\" alt=\"Cafe 1\" width=\"4693\" height=\"3107\" \/><\/p>\n<div class=\"slideshow_description_box slideshow_transparent\">\n<div class=\"slideshow_title\">Cafe 1<\/div>\n<\/p><\/div>\n<\/p><\/div>\n<div style=\"clear: both;\"><\/div>\n<\/div>\n<div class=\"slideshow_view\">\n<div class=\"slideshow_slide slideshow_slide_image\">\n\t\t\t\t\t\t\t\t\t\t\t<img loading=\"lazy\" decoding=\"async\" src=\"http:\/\/www.hotelauprintemps.be\/wp-content\/uploads\/Cafe-5-1.jpg\" alt=\"Cafe 5\" width=\"2857\" height=\"2141\" \/><\/p>\n<div class=\"slideshow_description_box slideshow_transparent\">\n<div class=\"slideshow_title\">Cafe 5<\/div>\n<\/p><\/div>\n<\/p><\/div>\n<div style=\"clear: both;\"><\/div>\n<\/div>\n<div class=\"slideshow_view\">\n<div class=\"slideshow_slide slideshow_slide_image\">\n\t\t\t\t\t\t\t\t\t\t\t<img loading=\"lazy\" decoding=\"async\" src=\"http:\/\/www.hotelauprintemps.be\/wp-content\/uploads\/Cafe-4.jpg\" alt=\"Cafe 4\" width=\"3181\" height=\"2385\" \/><\/p>\n<div class=\"slideshow_description_box slideshow_transparent\">\n<div class=\"slideshow_title\">Cafe 4<\/div>\n<\/p><\/div>\n<\/p><\/div>\n<div style=\"clear: both;\"><\/div>\n<\/div>\n<div class=\"slideshow_view\">\n<div class=\"slideshow_slide slideshow_slide_image\">\n\t\t\t\t\t\t\t\t\t\t\t<img loading=\"lazy\" decoding=\"async\" src=\"http:\/\/www.hotelauprintemps.be\/wp-content\/uploads\/Cafe-2-1.jpg\" alt=\"Cafe 2\" width=\"3262\" height=\"2207\" \/><\/p>\n<div class=\"slideshow_description_box slideshow_transparent\">\n<div class=\"slideshow_title\">Cafe 2<\/div>\n<\/p><\/div>\n<\/p><\/div>\n<div style=\"clear: both;\"><\/div>\n<\/div><\/div>\n<div class=\"slideshow_controlPanel slideshow_transparent\" style=\"display: none;\">\n<ul>\n<li class=\"slideshow_togglePlay\" data-play-text=\"Abspielen\" data-pause-text=\"Pause\"><\/li>\n<\/ul>\n<\/div>\n<div class=\"slideshow_button slideshow_previous slideshow_transparent\" role=\"button\" data-previous-text=\"Zur\u00fcck\" style=\"display: none;\"><\/div>\n<div class=\"slideshow_button slideshow_next slideshow_transparent\" role=\"button\" data-next-text=\"N\u00e4chstes\" style=\"display: none;\"><\/div>\n<div class=\"slideshow_pagination\" style=\"display: none;\" data-go-to-text=\"Gehe zum Bild\">\n<div class=\"slideshow_pagination_center\"><\/div>\n<\/div>\n<p>\t\t<!-- WordPress Slideshow Version 2.3.1 --><\/p><\/div>\n<p><\/span><\/p>\n<\/div>\n<\/div>\n<\/div>\n<\/div>\n<div class=\"yls-content-layout-wrapper layout-item-3\">\n<div class=\"yls-content-layout layout-item-4\">\n<div class=\"yls-content-layout-row\">\n<div class=\"yls-layout-cell layout-item-5\" style=\"width: 8%;\">&nbsp;&nbsp;<\/div>\n<\/div>\n<\/div>\n<\/div>\n<div class=\"yls-content-layout-wrapper layout-item-9\">\n<div class=\"yls-content-layout layout-item-1\">\n<div class=\"yls-content-layout-row\">\n<div class=\"yls-layout-cell layout-item-10\" style=\"width: 100%;\">\n<p><span style=\"font-weight: bold;\"><span id=\"result_box\" class=\"short_text\" lang=\"de\"><span class=\"\">Unsere<\/span> Kaffee-Bar, zum Entspannen<\/span><\/span><\/p>\n<p><span id=\"result_box\" class=\"\" lang=\"de\"><span class=\"\">Die<\/span> Caf\u00e9-Bar bietet Kaffee, Getr\u00e4nke, Spiele, leichte Mahlzeiten sowie Sport\u00fcbertragungen:<\/span><\/p>\n<p>Fussball, Formel 1 sowie andere Sportarten auf Anfrage. <span id=\"result_box\" class=\"\" lang=\"de\"> <span class=\"\">Entspannen Sie sich in<\/span> <span class=\"\">diesem Raum<\/span> speziell <span class=\"\">f\u00fcr solche Gelegenheiten<\/span> <span class=\"\">!<\/span> Entdecken Sie unsere <span class=\"\">&#8222;<\/span><span class=\"\">Snacks<\/span>&#8222;.<\/span><span style=\"font-weight: bold;\"><br \/>\n<\/span><\/p>\n<\/div>\n<\/div>\n<\/div>\n<\/div>\n<p><\/p>","protected":false},"excerpt":{"rendered":"<p>HOTEL\/RESTAURANT FANTASIE HERVORRUFEN gebaude-klein terasse Gruppe &nbsp; Herzlich Willkommen im Hotel &#8222;Au Printemps&#8220; gelegen im Herzen des Hohen Venns Das Hotel verf\u00fcgt \u00fcber 12 komfortable Zimmer, ein Gourmetrestaurant und eine Brasserie.&nbsp;Das Dorf Nidrum, wo sich das Hotel befindet, bietet viele Aktivit\u00e4ten wie Tennis, Schwimmen, Surfen, Minigolf oder&nbsp; unter den Sch\u00f6nheiten der Natur Wanderungen. Im Winter [&hellip;]<\/p>\n","protected":false},"author":4,"featured_media":0,"parent":0,"menu_order":2,"comment_status":"closed","ping_status":"closed","template":"","meta":{"ngg_post_thumbnail":0,"footnotes":""},"class_list":["post-137","page","type-page","status-publish","hentry"],"_links":{"self":[{"href":"http:\/\/www.hotelauprintemps.be\/de\/wp-json\/wp\/v2\/pages\/137"}],"collection":[{"href":"http:\/\/www.hotelauprintemps.be\/de\/wp-json\/wp\/v2\/pages"}],"about":[{"href":"http:\/\/www.hotelauprintemps.be\/de\/wp-json\/wp\/v2\/types\/page"}],"author":[{"embeddable":true,"href":"http:\/\/www.hotelauprintemps.be\/de\/wp-json\/wp\/v2\/users\/4"}],"replies":[{"embeddable":true,"href":"http:\/\/www.hotelauprintemps.be\/de\/wp-json\/wp\/v2\/comments?post=137"}],"version-history":[{"count":43,"href":"http:\/\/www.hotelauprintemps.be\/de\/wp-json\/wp\/v2\/pages\/137\/revisions"}],"predecessor-version":[{"id":666,"href":"http:\/\/www.hotelauprintemps.be\/de\/wp-json\/wp\/v2\/pages\/137\/revisions\/666"}],"wp:attachment":[{"href":"http:\/\/www.hotelauprintemps.be\/de\/wp-json\/wp\/v2\/media?parent=137"}],"curies":[{"name":"wp","href":"https:\/\/api.w.org\/{rel}","templated":true}]}}