{"id":139,"date":"2016-03-07T08:16:33","date_gmt":"2016-03-07T07:16:33","guid":{"rendered":"http:\/\/hotel-au-printemps.be.178-208-48-194.yoolspreview.be\/tarifs\/"},"modified":"2024-10-29T09:38:17","modified_gmt":"2024-10-29T08:38:17","slug":"hotel-au-printemps-tarifs","status":"publish","type":"page","link":"http:\/\/www.hotelauprintemps.be\/de\/hotel-au-printemps-tarifs\/","title":{"rendered":"PREISE"},"content":{"rendered":"<p><\/p>\n<div class=\"yls-content-layout-wrapper layout-item-0\">\n<div class=\"yls-content-layout layout-item-1\">\n<div class=\"yls-content-layout-row\">\n<div>\n<h5><img loading=\"lazy\" decoding=\"async\" class=\" aligncenter\" src=\"http:\/\/www.hotelauprintemps.be\/wp-content\/uploads\/desing2-2-2-2.png\" alt=\"\" width=\"87\" height=\"16\"><\/h5>\n<h2 style=\"text-align: center;\">PREISE<\/h2>\n<\/div>\n<p style=\"text-align: center;\">\n<div class=\"slideshow_container slideshow_container_style-light\" style=\"height: 600px; \" data-slideshow-id=\"181\" data-style-name=\"style-light\" data-style-version=\"2.3.1\" >\n<div class=\"slideshow_loading_icon\"><\/div>\n<div class=\"slideshow_content\" style=\"display: none;\">\n<div class=\"slideshow_view\">\n<div class=\"slideshow_slide slideshow_slide_image\">\n\t\t\t\t\t\t\t\t\t\t\t<img loading=\"lazy\" decoding=\"async\" src=\"http:\/\/www.hotelauprintemps.be\/wp-content\/uploads\/k-au-printemps-016.jpg\" alt=\"k-au printemps 016\" width=\"640\" height=\"423\" \/><\/p>\n<div class=\"slideshow_description_box slideshow_transparent\">\n<div class=\"slideshow_title\">k-au printemps 016<\/div>\n<\/p><\/div>\n<\/p><\/div>\n<div style=\"clear: both;\"><\/div>\n<\/div>\n<div class=\"slideshow_view\">\n<div class=\"slideshow_slide slideshow_slide_image\">\n\t\t\t\t\t\t\t\t\t\t\t<img loading=\"lazy\" decoding=\"async\" src=\"http:\/\/www.hotelauprintemps.be\/wp-content\/uploads\/Zimmer-15.jpg\" alt=\"zimmer-15\" width=\"1232\" height=\"816\" \/><\/p>\n<div class=\"slideshow_description_box slideshow_transparent\">\n<div class=\"slideshow_title\">zimmer-15<\/div>\n<\/p><\/div>\n<\/p><\/div>\n<div style=\"clear: both;\"><\/div>\n<\/div>\n<div class=\"slideshow_view\">\n<div class=\"slideshow_slide slideshow_slide_image\">\n\t\t\t\t\t\t\t\t\t\t\t<img loading=\"lazy\" decoding=\"async\" src=\"http:\/\/www.hotelauprintemps.be\/wp-content\/uploads\/Zimmer-17.jpg\" alt=\"zimmer-17\" width=\"1232\" height=\"816\" \/><\/p>\n<div class=\"slideshow_description_box slideshow_transparent\">\n<div class=\"slideshow_title\">zimmer-17<\/div>\n<\/p><\/div>\n<\/p><\/div>\n<div style=\"clear: both;\"><\/div>\n<\/div>\n<div class=\"slideshow_view\">\n<div class=\"slideshow_slide slideshow_slide_image\">\n\t\t\t\t\t\t\t\t\t\t\t<img loading=\"lazy\" decoding=\"async\" src=\"http:\/\/www.hotelauprintemps.be\/wp-content\/uploads\/Dusche-2.jpg\" alt=\"dusche-2\" width=\"1232\" height=\"816\" \/><\/p>\n<div class=\"slideshow_description_box slideshow_transparent\">\n<div class=\"slideshow_title\">dusche-2<\/div>\n<\/p><\/div>\n<\/p><\/div>\n<div style=\"clear: both;\"><\/div>\n<\/div>\n<div class=\"slideshow_view\">\n<div class=\"slideshow_slide slideshow_slide_image\">\n\t\t\t\t\t\t\t\t\t\t\t<img loading=\"lazy\" decoding=\"async\" src=\"http:\/\/www.hotelauprintemps.be\/wp-content\/uploads\/Zimmer-17.jpg\" alt=\"zimmer-17\" width=\"1232\" height=\"816\" \/><\/p>\n<div class=\"slideshow_description_box slideshow_transparent\">\n<div class=\"slideshow_title\">zimmer-17<\/div>\n<\/p><\/div>\n<\/p><\/div>\n<div style=\"clear: both;\"><\/div>\n<\/div>\n<div class=\"slideshow_view\">\n<div class=\"slideshow_slide slideshow_slide_image\">\n\t\t\t\t\t\t\t\t\t\t\t<img loading=\"lazy\" decoding=\"async\" src=\"http:\/\/www.hotelauprintemps.be\/wp-content\/uploads\/Zimmer-20.jpg\" alt=\"zimmer-20\" width=\"1232\" height=\"816\" \/><\/p>\n<div class=\"slideshow_description_box slideshow_transparent\">\n<div class=\"slideshow_title\">zimmer-20<\/div>\n<\/p><\/div>\n<\/p><\/div>\n<div style=\"clear: both;\"><\/div>\n<\/div>\n<div class=\"slideshow_view\">\n<div class=\"slideshow_slide slideshow_slide_image\">\n\t\t\t\t\t\t\t\t\t\t\t<img loading=\"lazy\" decoding=\"async\" src=\"http:\/\/www.hotelauprintemps.be\/wp-content\/uploads\/Zimmer-21.jpg\" alt=\"zimmer-21\" width=\"1232\" height=\"816\" \/><\/p>\n<div class=\"slideshow_description_box slideshow_transparent\">\n<div class=\"slideshow_title\">zimmer-21<\/div>\n<\/p><\/div>\n<\/p><\/div>\n<div style=\"clear: both;\"><\/div>\n<\/div><\/div>\n<div class=\"slideshow_controlPanel slideshow_transparent\" style=\"display: none;\">\n<ul>\n<li class=\"slideshow_togglePlay\" data-play-text=\"Abspielen\" data-pause-text=\"Pause\"><\/li>\n<\/ul>\n<\/div>\n<div class=\"slideshow_button slideshow_previous slideshow_transparent\" role=\"button\" data-previous-text=\"Zur\u00fcck\" style=\"display: none;\"><\/div>\n<div class=\"slideshow_button slideshow_next slideshow_transparent\" role=\"button\" data-next-text=\"N\u00e4chstes\" style=\"display: none;\"><\/div>\n<div class=\"slideshow_pagination\" style=\"display: none;\" data-go-to-text=\"Gehe zum Bild\">\n<div class=\"slideshow_pagination_center\"><\/div>\n<\/div>\n<p>\t\t<!-- WordPress Slideshow Version 2.3.1 --><\/p><\/div>\n<\/p>\n<\/div>\n<p>Unten finden Sie unsere Preise f\u00fcr 2024. Die Preise sind angezeigt pro Tag und pro Person, ausgenommen Getr\u00e4nke.<\/p>\n<\/div>\n<\/div>\n<p><strong>Zimmer mit Dusche und WC<\/strong><\/p>\n<table style=\"height: 426px;\" width=\"359\">\n<tbody>\n<tr>\n<td>&nbsp; &nbsp; &nbsp; &nbsp; \u2022 &nbsp; \u00dcbernachtung inkl. Fr\u00fchst\u00fcck<\/td>\n<td>50,00\u20ac<\/td>\n<\/tr>\n<tr>\n<td>&nbsp; &nbsp; &nbsp; &nbsp; \u2022 &nbsp; \u00dcbernachtung Einzelzimmer<\/td>\n<td>66,00\u20ac<\/td>\n<\/tr>\n<tr>\n<td>&nbsp; &nbsp; &nbsp; &nbsp; \u2022 &nbsp; Tagesmen\u00fc<\/td>\n<td>27,00\u20ac<\/td>\n<\/tr>\n<tr>\n<td>&nbsp; &nbsp; &nbsp; &nbsp; \u2022 Steuer pro Person\/Nacht<\/td>\n<td>1,50\u20ac<\/td>\n<\/tr>\n<tr>\n<td>&nbsp;<\/td>\n<td>&nbsp;<\/td>\n<\/tr>\n<tr>\n<td>&nbsp;<\/td>\n<td>&nbsp;<\/td>\n<\/tr>\n<tr>\n<td>&nbsp;<\/td>\n<td>&nbsp;<\/td>\n<\/tr>\n<tr>\n<td>&nbsp;<\/td>\n<td>&nbsp;<\/td>\n<\/tr>\n<tr>\n<td>&nbsp;<\/td>\n<td>&nbsp;<\/td>\n<\/tr>\n<tr>\n<td>&nbsp;<\/td>\n<td>&nbsp;<\/td>\n<\/tr>\n<\/tbody>\n<\/table>\n<p><span style=\"color: #ff0000;\"><strong>N.B. Preise f\u00fcr Spezial Events (Formel 1, &#8230;&#8230;..): Anfrage im voraus<\/strong><\/span><\/p>\n<p><strong>Zus\u00e4tzlich zur ihrer Verf\u00fcgung:<\/strong><\/p>\n<p>Terrasse, Liegewiese , Spielplatz, in der N\u00e4he Tennism\u00f6glichkeiten, Caf\u00e9, Restaurant, Telefon, Parkplatz, TV<\/p>\n<p><strong>Einschr\u00e4nkung :<\/strong><\/p>\n<p>HUNDE sind nicht im Hotel oder Restaurant erlaubt.<\/p>\n<p>Es besteht die M\u00f6glichkeit sie in der Garage zu lassen<\/p>\n<p><strong>Erm\u00e4\u00dfigung :<\/strong><\/p>\n<p>F\u00fcr Kinder die im Zimmer der Eltern \u00fcbernachten:<\/p>\n<ul>\n<li>&nbsp; bis 2 Jahre: gratis<\/li>\n<li>&nbsp; von 2 bis 9 Jahre: der Preis wird nach alter bestimmt<\/li>\n<\/ul>\n<p>In der Hoffnung, dass unser Angebot ihren Vorstellungen entspricht, bitten wir Sie, bei fester Buchung, eine Anzahlung von \u20ac 25,00 pro Person innerhalb von drei Wochen auf unserer Crelan Konto zu \u00fcberweisen:<\/p>\n<p>IBAN: BE 68 7512 1120 7234&nbsp; &nbsp;BIC AXABBE<\/p>","protected":false},"excerpt":{"rendered":"<p>PREISE k-au printemps 016 zimmer-15 zimmer-17 dusche-2 zimmer-17 zimmer-20 zimmer-21 Unten finden Sie unsere Preise f\u00fcr 2024. Die Preise sind angezeigt pro Tag und pro Person, ausgenommen Getr\u00e4nke. Zimmer mit Dusche und WC &nbsp; &nbsp; &nbsp; &nbsp; \u2022 &nbsp; \u00dcbernachtung inkl. Fr\u00fchst\u00fcck 50,00\u20ac &nbsp; &nbsp; &nbsp; &nbsp; \u2022 &nbsp; \u00dcbernachtung Einzelzimmer 66,00\u20ac &nbsp; &nbsp; &nbsp; [&hellip;]<\/p>\n","protected":false},"author":4,"featured_media":0,"parent":0,"menu_order":4,"comment_status":"closed","ping_status":"closed","template":"","meta":{"ngg_post_thumbnail":0,"footnotes":""},"class_list":["post-139","page","type-page","status-publish","hentry"],"_links":{"self":[{"href":"http:\/\/www.hotelauprintemps.be\/de\/wp-json\/wp\/v2\/pages\/139"}],"collection":[{"href":"http:\/\/www.hotelauprintemps.be\/de\/wp-json\/wp\/v2\/pages"}],"about":[{"href":"http:\/\/www.hotelauprintemps.be\/de\/wp-json\/wp\/v2\/types\/page"}],"author":[{"embeddable":true,"href":"http:\/\/www.hotelauprintemps.be\/de\/wp-json\/wp\/v2\/users\/4"}],"replies":[{"embeddable":true,"href":"http:\/\/www.hotelauprintemps.be\/de\/wp-json\/wp\/v2\/comments?post=139"}],"version-history":[{"count":63,"href":"http:\/\/www.hotelauprintemps.be\/de\/wp-json\/wp\/v2\/pages\/139\/revisions"}],"predecessor-version":[{"id":825,"href":"http:\/\/www.hotelauprintemps.be\/de\/wp-json\/wp\/v2\/pages\/139\/revisions\/825"}],"wp:attachment":[{"href":"http:\/\/www.hotelauprintemps.be\/de\/wp-json\/wp\/v2\/media?parent=139"}],"curies":[{"name":"wp","href":"https:\/\/api.w.org\/{rel}","templated":true}]}}